{"id":7,"date":"2022-12-08T15:51:04","date_gmt":"2022-12-08T14:51:04","guid":{"rendered":"https:\/\/www.microports.de\/?page_id=7"},"modified":"2023-05-03T14:39:53","modified_gmt":"2023-05-03T12:39:53","slug":"microports","status":"publish","type":"page","link":"https:\/\/www.microports.de\/","title":{"rendered":"Startseite"},"content":{"rendered":"\n<div class=\"wp-block-cover alignfull is-light is-style-default has-small-font-size\" style=\"padding-top:0;padding-right:0;padding-bottom:0;padding-left:0;min-height:672px;aspect-ratio:unset;\"><span aria-hidden=\"true\" class=\"wp-block-cover__background has-background-dim-20 has-background-dim\"><\/span><img loading=\"lazy\" decoding=\"async\" width=\"2560\" height=\"1707\" class=\"wp-block-cover__image-background wp-image-91\" alt=\"\" src=\"https:\/\/www.microports.de\/wp-content\/uploads\/2023\/03\/Steigerwald-scaled.jpg\" style=\"object-position:52% 71%\" data-object-fit=\"cover\" data-object-position=\"52% 71%\" srcset=\"https:\/\/www.microports.de\/wp-content\/uploads\/2023\/03\/Steigerwald-scaled.jpg 2560w, https:\/\/www.microports.de\/wp-content\/uploads\/2023\/03\/Steigerwald-300x200.jpg 300w, https:\/\/www.microports.de\/wp-content\/uploads\/2023\/03\/Steigerwald-1024x683.jpg 1024w, https:\/\/www.microports.de\/wp-content\/uploads\/2023\/03\/Steigerwald-768x512.jpg 768w, https:\/\/www.microports.de\/wp-content\/uploads\/2023\/03\/Steigerwald-1536x1024.jpg 1536w, https:\/\/www.microports.de\/wp-content\/uploads\/2023\/03\/Steigerwald-2048x1365.jpg 2048w\" sizes=\"auto, (max-width: 2560px) 100vw, 2560px\" \/><div class=\"wp-block-cover__inner-container is-layout-flow wp-block-cover-is-layout-flow\">\n<div class=\"wp-block-group alignfull\"><div class=\"wp-block-group__inner-container is-layout-constrained wp-block-group-is-layout-constrained\">\n<div class=\"wp-block-columns alignfull is-layout-flex wp-container-core-columns-is-layout-9d6595d7 wp-block-columns-is-layout-flex\">\n<div class=\"wp-block-column is-vertically-aligned-bottom is-layout-flow wp-block-column-is-layout-flow\" style=\"padding-top:0;padding-right:0;padding-bottom:0;padding-left:0;flex-basis:100%\"><\/div>\n<\/div>\n<\/div><\/div>\n<\/div><\/div>\n\n\n\n<h1 class=\"has-text-align-center has-secondary-color has-text-color wp-block-heading\" style=\"padding-top:var(--wp--preset--spacing--50);padding-right:var(--wp--preset--spacing--50);padding-bottom:var(--wp--preset--spacing--50);padding-left:var(--wp--preset--spacing--50)\"><strong>MicroPorts<\/strong><\/h1>\n\n\n\n<hr class=\"wp-block-coblocks-dynamic-separator is-style-fullwidth\" style=\"height:25px\"\/>\n\n\n\n<div class=\"wp-block-columns are-vertically-aligned-center is-layout-flex wp-container-core-columns-is-layout-53642b31 wp-block-columns-is-layout-flex\" style=\"padding-top:0;padding-right:0;padding-bottom:0;padding-left:0\">\n<div class=\"wp-block-column is-vertically-aligned-center is-layout-flow wp-block-column-is-layout-flow\">\n<div class=\"wp-block-columns alignfull are-vertically-aligned-center is-layout-flex wp-container-core-columns-is-layout-9d6595d7 wp-block-columns-is-layout-flex\">\n<div class=\"wp-block-column is-vertically-aligned-center is-layout-flow wp-block-column-is-layout-flow\"><div class=\"wp-block-image is-style-default\">\n<figure class=\"aligncenter size-large is-resized\"><img loading=\"lazy\" decoding=\"async\" src=\"https:\/\/www.microports.de\/wp-content\/uploads\/2022\/12\/BIBA-2-1024x653.png\" alt=\"\" class=\"wp-image-18\" width=\"78\" height=\"50\" srcset=\"https:\/\/www.microports.de\/wp-content\/uploads\/2022\/12\/BIBA-2-1024x653.png 1024w, https:\/\/www.microports.de\/wp-content\/uploads\/2022\/12\/BIBA-2-300x191.png 300w, https:\/\/www.microports.de\/wp-content\/uploads\/2022\/12\/BIBA-2-768x490.png 768w, https:\/\/www.microports.de\/wp-content\/uploads\/2022\/12\/BIBA-2-1536x980.png 1536w, https:\/\/www.microports.de\/wp-content\/uploads\/2022\/12\/BIBA-2-2048x1306.png 2048w\" sizes=\"auto, (max-width: 78px) 100vw, 78px\" \/><\/figure>\n<\/div><\/div>\n\n\n\n<div class=\"wp-block-column is-vertically-aligned-center is-layout-flow wp-block-column-is-layout-flow\"><div class=\"wp-block-image\">\n<figure class=\"aligncenter size-full is-resized\"><img loading=\"lazy\" decoding=\"async\" src=\"https:\/\/www.microports.de\/wp-content\/uploads\/2023\/02\/NWL-02.png\" alt=\"\" class=\"wp-image-79\" width=\"130\" height=\"50\" srcset=\"https:\/\/www.microports.de\/wp-content\/uploads\/2023\/02\/NWL-02.png 537w, https:\/\/www.microports.de\/wp-content\/uploads\/2023\/02\/NWL-02-300x117.png 300w\" sizes=\"auto, (max-width: 130px) 100vw, 130px\" \/><\/figure>\n<\/div><\/div>\n\n\n\n<div class=\"wp-block-column is-vertically-aligned-center is-layout-flow wp-block-column-is-layout-flow\"><div class=\"wp-block-image\">\n<figure class=\"aligncenter size-full is-resized\"><img loading=\"lazy\" decoding=\"async\" src=\"https:\/\/www.microports.de\/wp-content\/uploads\/2023\/02\/jadehs-logo.png\" alt=\"\" class=\"wp-image-75\" width=\"93\" height=\"50\"\/><\/figure>\n<\/div><\/div>\n\n\n\n<div class=\"wp-block-column is-vertically-aligned-center is-layout-flow wp-block-column-is-layout-flow\"><div class=\"wp-block-image\">\n<figure class=\"aligncenter size-full is-resized\"><img loading=\"lazy\" decoding=\"async\" src=\"https:\/\/www.microports.de\/wp-content\/uploads\/2023\/02\/HS-Emden-leer.png\" alt=\"\" class=\"wp-image-74\" width=\"150\" height=\"50\" srcset=\"https:\/\/www.microports.de\/wp-content\/uploads\/2023\/02\/HS-Emden-leer.png 529w, https:\/\/www.microports.de\/wp-content\/uploads\/2023\/02\/HS-Emden-leer-300x100.png 300w\" sizes=\"auto, (max-width: 150px) 100vw, 150px\" \/><\/figure>\n<\/div><\/div>\n<\/div>\n<\/div>\n<\/div>\n\n\n\n<hr class=\"wp-block-coblocks-dynamic-separator is-style-fullwidth\" style=\"height:25px\"\/>\n\n\n\n<div style=\"height:50px\" aria-hidden=\"true\" class=\"wp-block-spacer\"><\/div>\n\n\n\n<p class=\"has-text-align-center has-secondary-color has-text-color\"><em>Potentialanalyse eines multimodalen Umschlagsystems f\u00fcr den direkten oder indirekten Warenumschlag zwischen einer Binnenwasserstra\u00dfe und mindestens einem weiteren G\u00fctertransportsystem<\/em><\/p>\n\n\n\n<div class=\"wp-block-columns alignwide are-vertically-aligned-top is-layout-flex wp-container-core-columns-is-layout-53642b31 wp-block-columns-is-layout-flex\" style=\"padding-top:0;padding-right:0;padding-bottom:0;padding-left:0;font-size:1px\">\n<div class=\"wp-block-column is-vertically-aligned-top is-layout-flow wp-block-column-is-layout-flow\" style=\"flex-basis:100%\">\n<div id=\"rm10\" class=\"\">\n<p>Der G\u00fctertransport in Deutschland erfolgt heute in gro\u00dfen Teilen \u00fcber den Stra\u00dfen- und Schieneng\u00fcterverkehr. Die weitere Zunahme des Transportaufkommens bringt die Systeme allerdings an ihre Belastungsgrenze, dies zeigt sich u. a. durch vermehrtes Stauaufkommen und h\u00e4ufigere Lieferverz\u00f6gerungen. Eine weitere Herausforderung ist die hohe Umweltbelastung durch den Stra\u00dfen- und Schienenverkehr. Eine emissions\u00e4rmere Alternative und Erg\u00e4nzung zum landseitigen Transport stellt der wasserseitige G\u00fctertransport mittels Binnenschiff dar. Die verst\u00e4rkte Nutzung dieses Transportmittels erfordert die Bereitstellung zus\u00e4tzlicher dezentraler Umschlagspunkte (sogenannter MicroPorts) f\u00fcr die intelligente und effiziente Verkn\u00fcpfung des land- und wasserseitigen G\u00fctertransports.<\/p>\n<p style=\"text-align: left;\">Das Ziel des Projekts liegt in der technischen Konzeption und Auslegung eines Netzwerks aus MicroPorts f\u00fcr die Verkn\u00fcpfung des land- und wasserseitigen G\u00fcterverkehrs. Die Grundidee besteht in der Nutzung vorhandener Infrastruktur, insbesondere Br\u00fccken, f\u00fcr die Installation der MicroPorts. Aufbauend wird eine simulationsbasierte Evaluation durchgef\u00fchrt, um das neue Umschlagskonzept im Hinblick auf dessen Wirtschaftlichkeit und Nachhaltigkeit zu bewerten. Die erwarteten Projektergebnisse stellen damit die Grundlage dar, um zuk\u00fcnftig dezentrale Umschlagspunkte f\u00fcr den kombinierten land- und wasserseitigen G\u00fcterverkehr fundiert zu planen und in die Umsetzung zu bringen.<\/p>\n<\/div>\n<\/div>\n<\/div>\n\n\n\n<hr class=\"wp-block-coblocks-dynamic-separator is-style-fullwidth\" style=\"height:25px\"\/>\n\n\n\n<div style=\"height:40px\" aria-hidden=\"true\" class=\"wp-block-spacer\"><\/div>\n\n\n\n<p class=\"has-text-align-center has-secondary-color has-text-color has-huge-font-size has-custom-lineheight has-custom-letterspacing\" style=\"line-height:3;letter-spacing:3px;font-size:25px\">Ziele<\/p>\n\n\n\n<hr class=\"wp-block-coblocks-dynamic-separator is-style-line\"\/>\n\n\n\n<div class=\"wp-block-coblocks-features alignwide coblocks-features-112154020236\"><div class=\"wp-block-coblocks-features__inner has-columns has-2-columns has-responsive-columns has-center-content has-medium-gutter\">\n<div class=\"wp-block-coblocks-feature coblocks-feature-112154020591\"><div class=\"wp-block-coblocks-feature__inner has-no-padding\"><div class=\"wp-block-coblocks-icon is-style-outlined\">\n\t\t\t\t<div class=\"wp-block-coblocks-icon__inner has-text-color has-tertiary-color\" style=\"height: 60px; width: 60px;\">\n\t\t\t\t\t<svg fill=\"none\" viewBox=\"0 0 24 24\" xmlns=\"http:\/\/www.w3.org\/2000\/svg\"><path fill=\"currentColor\" fill-rule=\"evenodd\" clip-rule=\"evenodd\" d=\"M19.39 14.99l-1.41 1.41L12 10.43 6.02 16.4l-1.41-1.41L12 7.6l7.39 7.39z\"\/><\/svg>\n\t\t\t\t<\/div>\n\t\t\t<\/div>\n\n\n<h4 class=\"wp-block-heading\">St\u00e4rkung<\/h4>\n\n\n\n<p>Attraktivit\u00e4t des Binnenschifftransports steigern<\/p>\n<\/div><\/div>\n\n\n\n<div class=\"wp-block-coblocks-feature coblocks-feature-112154020593\"><div class=\"wp-block-coblocks-feature__inner has-no-padding\"><div class=\"wp-block-coblocks-icon\">\n\t\t\t\t<div class=\"wp-block-coblocks-icon__inner has-text-color has-tertiary-color\" style=\"height: 60px; width: 60px;\">\n\t\t\t\t\t<svg fill=\"none\" xmlns=\"http:\/\/www.w3.org\/2000\/svg\" viewBox=\"0 0 24 24\"><path d=\"M18.6 6.62c-1.44 0-2.8.56-3.77 1.53L12 10.66 10.48 12h.01L7.8 14.39c-.64.64-1.49.99-2.4.99-1.87 0-3.39-1.51-3.39-3.38S3.53 8.62 5.4 8.62c.91 0 1.76.35 2.44 1.03l1.13 1 1.51-1.34L9.22 8.2C8.2 7.18 6.84 6.62 5.4 6.62 2.42 6.62 0 9.04 0 12s2.42 5.38 5.4 5.38c1.44 0 2.8-.56 3.77-1.53l2.83-2.5.01.01L13.52 12h-.01l2.69-2.39c.64-.64 1.49-.99 2.4-.99 1.87 0 3.39 1.51 3.39 3.38s-1.52 3.38-3.39 3.38c-.9 0-1.76-.35-2.44-1.03l-1.14-1.01-1.51 1.34 1.27 1.12c1.02 1.01 2.37 1.57 3.82 1.57 2.98 0 5.4-2.41 5.4-5.38s-2.42-5.37-5.4-5.37z\" fill=\"currentColor\" \/><\/svg>\n\t\t\t\t<\/div>\n\t\t\t<\/div>\n\n\n<h4 class=\"wp-block-heading\">Erweiterung<\/h4>\n\n\n\n<p>Kapazit\u00e4t im G\u00fcterverkehr erh\u00f6hen<\/p>\n<\/div><\/div>\n<\/div><\/div>\n\n\n\n<div class=\"wp-block-coblocks-features alignwide coblocks-features-112154020236\"><div class=\"wp-block-coblocks-features__inner has-columns has-2-columns has-responsive-columns has-center-content has-medium-gutter\">\n<div class=\"wp-block-coblocks-feature coblocks-feature-112154020591\"><div class=\"wp-block-coblocks-feature__inner has-no-padding\"><div class=\"wp-block-coblocks-icon is-style-outlined\">\n\t\t\t\t<div class=\"wp-block-coblocks-icon__inner has-text-color has-tertiary-color\" style=\"height: 60px; width: 60px;\">\n\t\t\t\t\t<svg fill=\"none\" xmlns=\"http:\/\/www.w3.org\/2000\/svg\" viewBox=\"0 0 24 24\"><path d=\"M15.49 9.63c-.18-2.79-1.31-5.51-3.43-7.63-2.14 2.14-3.32 4.86-3.55 7.63 1.28.68 2.46 1.56 3.49 2.63 1.03-1.06 2.21-1.94 3.49-2.63zm-3.44-4.44c.63 1.03 1.07 2.18 1.3 3.38-.47.3-.91.63-1.34.98-.42-.34-.87-.67-1.33-.97.25-1.2.71-2.35 1.37-3.39zM12 15.45c-.82-1.25-1.86-2.34-3.06-3.2-.13-.09-.27-.16-.4-.26.13.09.27.17.39.25C6.98 10.83 4.59 10 2 10c0 5.32 3.36 9.82 8.03 11.49.63.23 1.29.4 1.97.51.68-.12 1.33-.29 1.97-.51C18.64 19.82 22 15.32 22 10c-4.18 0-7.85 2.17-10 5.45zm1.32 4.15c-.44.15-.88.27-1.33.37-.44-.09-.87-.21-1.28-.36-3.29-1.18-5.7-3.99-6.45-7.35 1.1.26 2.15.71 3.12 1.33l-.02.01c.13.09.26.18.39.25l.07.04c.99.72 1.84 1.61 2.51 2.65L12 19.1l1.67-2.55c.69-1.05 1.55-1.95 2.53-2.66l.07-.05c.09-.05.18-.11.27-.17l-.01-.02c.98-.65 2.07-1.13 3.21-1.4-.75 3.37-3.15 6.18-6.42 7.35zm-4.33-7.32c-.02-.01-.04-.03-.05-.04 0 0 .01 0 .01.01.01.01.02.02.04.03z\" fill=\"currentColor\" \/><\/svg>\n\t\t\t\t<\/div>\n\t\t\t<\/div>\n\n\n<h4 class=\"wp-block-heading\">Reduzierung<\/h4>\n\n\n\n<p>Weniger CO<sub>2<\/sub>-Emmissionen im G\u00fctertransport<\/p>\n<\/div><\/div>\n\n\n\n<div class=\"wp-block-coblocks-feature coblocks-feature-112154020593\"><div class=\"wp-block-coblocks-feature__inner has-no-padding\"><div class=\"wp-block-coblocks-icon\">\n\t\t\t\t<div class=\"wp-block-coblocks-icon__inner has-text-color has-tertiary-color\" style=\"height: 60px; width: 60px;\">\n\t\t\t\t\t<svg class=\"coblocks-icon-animation\" xmlns=\"http:\/\/www.w3.org\/2000\/svg\" viewBox=\"0 0 24 24\">\n    <path class=\"small-circle\" d=\"M5.68,15.87a3.87,3.87,0,1,1,0-7.74,3.87,3.87,0,1,1,0,7.74Z\" stroke=\"#fff\" stroke-width=\"1.5px\" fill=\"currentColor\" fill-rule=\"evenodd\"\/>\n    <path class=\"medium-circle\" d=\"M10.71,17.32A5.32,5.32,0,1,1,16.13,12,5.38,5.38,0,0,1,10.71,17.32Z\" stroke=\"#fff\" stroke-width=\"1.5px\" fill=\"currentColor\" fill-rule=\"evenodd\"\/>\n    <path class=\"large-circle\" d=\"M16.15,18A6.06,6.06,0,0,1,10,12a6.12,6.12,0,0,1,12.23,0A6.06,6.06,0,0,1,16.15,18Z\" stroke=\"#fff\" stroke-width=\"1.5px\" fill=\"currentColor\" fill-rule=\"evenodd\"\/>\n<\/svg>\n\t\t\t\t<\/div>\n\t\t\t<\/div>\n\n\n<h4 class=\"wp-block-heading\">Beschleunigung<\/h4>\n\n\n\n<p>K\u00fcrzere Transportdauer<\/p>\n<\/div><\/div>\n<\/div><\/div>\n\n\n\n<p class=\"has-text-align-center has-secondary-color has-text-color has-huge-font-size has-custom-lineheight has-custom-letterspacing mb-0 pb-0 mt-0 pt-0\" style=\"line-height:3;letter-spacing:3px;font-size:25px\">Herausforderungen<\/p>\n\n\n\n<hr class=\"wp-block-coblocks-dynamic-separator is-style-line\" style=\"height:20px\"\/>\n\n\n\n<div class=\"wp-block-columns alignwide is-layout-flex wp-container-core-columns-is-layout-9d6595d7 wp-block-columns-is-layout-flex\">\n<div class=\"wp-block-column is-vertically-aligned-center is-layout-flow wp-block-column-is-layout-flow\" style=\"flex-basis:100%\">\n<div id=\"output\" class=\"page-generator__output js-generator-output\">\n<ul>\n<li><strong>Infrastruktur f\u00fcr den Zu- und Ablauf des G\u00fctertransports:<\/strong> Um den Binnenschifftransport f\u00fcr Kunden attraktiv zu machen, muss eine fl\u00e4chendeckende Infrastruktur f\u00fcr den Warenumschlag geschaffen werden. Kunden m\u00fcssen in der Lage sein, ihre Container ohne lange Transportwege in kurzer Zeit \u00fcber \u00f6rtlich g\u00fcnstig gelegene Warenumschlagspunkte umzuschlagen.<\/li>\n<li><strong>Ausgestaltung der Warenumschlagspunkte:<\/strong> Die MicroPorts m\u00fcssen alle erforderlichen Services (bspw. Containerhandling) f\u00fcr den Warenumschlag im Binnenschiffverkehr bereitstellen. Gleichzeitig k\u00f6nnen die MicroPorts aufgrund der geringen Gr\u00f6\u00dfe nicht den vollen Leistungsumfang gro\u00dfer H\u00e4fen bereitstellen.<\/li>\n<li><strong>Technische Umsetzung:<\/strong> Um die Umsetzbarkeit des Konzepts zur erm\u00f6glichen, muss die Installation der MicroPorts m\u00f6glichst kosteng\u00fcnstig sein. Daher soll gepr\u00fcft werden, in wieweit vorhandene Infrastruktur f\u00fcr den Aufbau der MicroPorts genutzt werden kann. Zudem sollen die MicroPorts an bestehenden Verkehrswegen platziert werden, sodass keine umfangreichen Investionen f\u00fcr die Anbindung an das Stra\u00dfen- und Schienennetz erforderlich wird.<\/li>\n<\/ul>\n<\/div>\n<\/div>\n<\/div>\n\n\n\n<p class=\"has-text-align-center has-secondary-color has-text-color has-huge-font-size has-custom-lineheight has-custom-letterspacing mb-0 pb-0 mt-0 pt-0\" style=\"line-height:3;letter-spacing:3px;font-size:25px\">Methoden<\/p>\n\n\n\n<hr class=\"wp-block-coblocks-dynamic-separator is-style-line\"\/>\n\n\n\n<div class=\"wp-block-media-text alignwide is-stacked-on-mobile\" style=\"grid-template-columns:23% auto\"><figure class=\"wp-block-media-text__media\"><img loading=\"lazy\" decoding=\"async\" width=\"1024\" height=\"576\" src=\"https:\/\/www.microports.de\/wp-content\/uploads\/2023\/03\/Ps-01-1024x576.jpg\" alt=\"\" class=\"wp-image-114 size-full\" srcset=\"https:\/\/www.microports.de\/wp-content\/uploads\/2023\/03\/Ps-01-1024x576.jpg 1024w, https:\/\/www.microports.de\/wp-content\/uploads\/2023\/03\/Ps-01-300x169.jpg 300w, https:\/\/www.microports.de\/wp-content\/uploads\/2023\/03\/Ps-01-768x432.jpg 768w, https:\/\/www.microports.de\/wp-content\/uploads\/2023\/03\/Ps-01-1536x864.jpg 1536w, https:\/\/www.microports.de\/wp-content\/uploads\/2023\/03\/Ps-01.jpg 1920w\" sizes=\"auto, (max-width: 1024px) 100vw, 1024px\" \/><\/figure><div class=\"wp-block-media-text__content\">\n<p class=\"has-large-font-size\"><strong>Technische Konzeption<\/strong><\/p>\n\n\n\n<p>Das technische Konzept beruht auf der Nutzung vorhandener Infrastruktur, unter anderem Br\u00fccken, f\u00fcr die Installation der MicroPorts. Durch die Nutzung von bestehenden Br\u00fccken kann sichergestellt werden, dass die MicroPorts f\u00fcr den Warenumschlag einen direkten Zugang zum Stra\u00dfennetz haben.<\/p>\n\n\n\n<p class=\"has-large-font-size\"><strong>Potentialanalyse<\/strong><\/p>\n\n\n\n<p>Durch den Einsatz von Simulationswerkzeugen wird die Effizienz und Nachhaltigkeit des neuen Umschlagkonzepts bewertet. Die Bewertung vergleicht bestehende Umschlagskonzepte mit Szenarien, die einen Warenumschlag der G\u00fcter \u00fcber MicroPorts beinhalten.<\/p>\n\n\n\n<p class=\"has-large-font-size\"><strong>Betriebsmodelle<\/strong><\/p>\n\n\n\n<p>F\u00fcr die Entwicklung von Betriebsmodellen werden die Anforderungen der verschiedenen Stakeholder identifiziert, um daraus den erforderlichen Dienstleistungsumfang der MicroPorts abzuleiten.<\/p>\n<\/div><\/div>\n\n\n\n<div class=\"wp-block-media-text is-stacked-on-mobile is-vertically-aligned-center is-style-default\" style=\"grid-template-columns:35% auto\"><figure class=\"wp-block-media-text__media\"><img loading=\"lazy\" decoding=\"async\" width=\"1024\" height=\"435\" src=\"https:\/\/www.microports.de\/wp-content\/uploads\/2023\/03\/Logos-1024x435.jpg\" alt=\"\" class=\"wp-image-94 size-full\" srcset=\"https:\/\/www.microports.de\/wp-content\/uploads\/2023\/03\/Logos-1024x435.jpg 1024w, https:\/\/www.microports.de\/wp-content\/uploads\/2023\/03\/Logos-300x127.jpg 300w, https:\/\/www.microports.de\/wp-content\/uploads\/2023\/03\/Logos-768x326.jpg 768w, https:\/\/www.microports.de\/wp-content\/uploads\/2023\/03\/Logos-1536x652.jpg 1536w, https:\/\/www.microports.de\/wp-content\/uploads\/2023\/03\/Logos-2048x869.jpg 2048w\" sizes=\"auto, (max-width: 1024px) 100vw, 1024px\" \/><\/figure><div class=\"wp-block-media-text__content\">\n<p class=\"has-text-align-center\" style=\"font-size:10px\">Dieses Projekt wird durch das Bundesministerium f\u00fcr Digitales und Verkehr (BMDV) im Rahmen des F\u00f6rderprogramms f\u00fcr innovative Hafentechnologien (IHATEC II) gef\u00f6rdert.<\/p>\n<\/div><\/div>\n","protected":false},"excerpt":{"rendered":"<p>MicroPorts Potentialanalyse eines multimodalen Umschlagsystems f\u00fcr den direkten oder indirekten Warenumschlag zwischen einer Binnenwasserstra\u00dfe und mindestens einem weiteren G\u00fctertransportsystem Der G\u00fctertransport in Deutschland erfolgt heute in gro\u00dfen Teilen \u00fcber den Stra\u00dfen- und Schieneng\u00fcterverkehr. Die weitere Zunahme des Transportaufkommens bringt die Systeme allerdings an ihre Belastungsgrenze, dies zeigt sich u. a. durch vermehrtes Stauaufkommen und h\u00e4ufigere [&hellip;]<\/p>\n","protected":false},"author":4,"featured_media":0,"parent":0,"menu_order":0,"comment_status":"closed","ping_status":"closed","template":"","meta":{"_coblocks_attr":"ArialHelvetica Condensed,Ubuntu,Tajawal,Rubik,Roboto,PT Serif,Playfair Display,Oswald,Open Sans,Noto Serif,,Times New Roman,Georgia,Abril Fatface,Anton,Arvo,Asap,Barlow Condensed,Barlow,Cormorant Garamond,Faustina,Fira Sans,IBM Plex Sans,Inconsolata,Heebo,Karla,Lato,Lora,Merriweather,Noto Sans,Montserrat,Arial,Yrsa,Helvetica","_coblocks_dimensions":"","_coblocks_responsive_height":"","_coblocks_accordion_ie_support":"","hide_page_title":"enabled","footnotes":""},"class_list":["post-7","page","type-page","status-publish","hentry"],"_links":{"self":[{"href":"https:\/\/www.microports.de\/index.php\/wp-json\/wp\/v2\/pages\/7","targetHints":{"allow":["GET"]}}],"collection":[{"href":"https:\/\/www.microports.de\/index.php\/wp-json\/wp\/v2\/pages"}],"about":[{"href":"https:\/\/www.microports.de\/index.php\/wp-json\/wp\/v2\/types\/page"}],"author":[{"embeddable":true,"href":"https:\/\/www.microports.de\/index.php\/wp-json\/wp\/v2\/users\/4"}],"replies":[{"embeddable":true,"href":"https:\/\/www.microports.de\/index.php\/wp-json\/wp\/v2\/comments?post=7"}],"version-history":[{"count":44,"href":"https:\/\/www.microports.de\/index.php\/wp-json\/wp\/v2\/pages\/7\/revisions"}],"predecessor-version":[{"id":325,"href":"https:\/\/www.microports.de\/index.php\/wp-json\/wp\/v2\/pages\/7\/revisions\/325"}],"wp:attachment":[{"href":"https:\/\/www.microports.de\/index.php\/wp-json\/wp\/v2\/media?parent=7"}],"curies":[{"name":"wp","href":"https:\/\/api.w.org\/{rel}","templated":true}]}}